{"id":833,"date":"2014-05-05T17:16:52","date_gmt":"2014-05-05T15:16:52","guid":{"rendered":"http:\/\/www.rcesystems.cz\/?page_id=833"},"modified":"2014-05-06T10:08:42","modified_gmt":"2014-05-06T08:08:42","slug":"careers","status":"publish","type":"page","link":"https:\/\/www.rcesystems.cz\/cs\/careers\/","title":{"rendered":"Kari\u00e9ra"},"content":{"rendered":"<p>RCE hled\u00e1 talentovan\u00e9 IT v\u00fdvoj\u00e1\u0159e z oblasti po\u010d\u00edta\u010dov\u00e9ho vid\u011bn\u00ed, robotiky a vestav\u011bn\u00fdch syst\u00e9m\u016f. Pracujeme na zaj\u00edmav\u00fdch a smyslupln\u00fdch projektech, kter\u00e9 maj\u00ed p\u0159\u00edm\u00e9 vyu\u017eit\u00ed v praxi. Jsme t\u00fdm, kter\u00fd realizuje neot\u0159el\u00e9 produkty v tv\u016fr\u010d\u00edm a p\u0159\u00e1telsk\u00e9m prost\u0159ed\u00ed.<\/p>\n<p>Aktu\u00e1ln\u011b hled\u00e1me:<br \/>\n<div class=\"su-tabs su-tabs-style-2\"><div class=\"su-tabs-nav\"><span><i class=\"moon-steam-2 su-tab-icon\"><\/i>Robotika - v\u00fdvoj\u00e1\u0159<\/span><span><i class=\"moon-camera-6 su-tab-icon\"><\/i>Po\u010d\u00edta\u010dov\u00e9 vid\u011bn\u00ed - v\u00fdvoj\u00e1\u0159<\/span><span><i class=\"moon-bug-2 su-tab-icon\"><\/i>Vestav\u011bn\u00e9 syst\u00e9my - v\u00fdvoj\u00e1\u0159<\/span><div class=\"su-tabs-nav-shadow\"><\/div><\/div><div class=\"su-tabs-panes\"><div class=\"pane-wrapper\"><div class=\"pane-title\"><i class=\"moon-steam-2 su-tab-icon\"><\/i>Robotika - v\u00fdvoj\u00e1\u0159<\/div><div class=\"su-tabs-pane\">\n<div class=\"spacer\" style=\"height:10px\"><\/div>\n<strong>N\u00e1pl\u0148 pr\u00e1ce:<\/strong><br \/>\n<div class=\"custom-list\"><i class=\"moon-arrow-right-3\" style=\"color:#187cc4;\"><\/i>V\u00fdvoj naviga\u010dn\u00edch architektur mobiln\u00edch robot\u016f ur\u010den\u00fdch do rozli\u010dn\u00fdch prost\u0159ed\u00ed (automobil, UAV, apod.)<\/div>\n<div class=\"custom-list\"><i class=\"moon-arrow-right-3\" style=\"color:#187cc4;\"><\/i>V\u00fdvoj metod pro lokalizaci, mapov\u00e1n\u00ed a pl\u00e1nov\u00e1n\u00ed<\/div>\n<div class=\"custom-list\"><i class=\"moon-arrow-right-3\" style=\"color:#187cc4;\"><\/i>Integrace d\u00edl\u010d\u00edch \u010d\u00e1st\u00ed do funk\u010dn\u00edch celk\u016f<\/div>\n<div class=\"custom-list\"><i class=\"moon-arrow-right-3\" style=\"color:#187cc4;\"><\/i>Testov\u00e1n\u00ed a simulace <\/div>\n<div class=\"spacer\" style=\"height:20px\"><\/div>\n<strong>Po\u017eadujeme:<\/strong><br \/>\n<div class=\"custom-list\"><i class=\"moon-arrow-right-3\" style=\"color:#187cc4;\"><\/i>Orientaci v problematice \u0159\u00edzen\u00ed mobiln\u00edch robot\u016f a um\u011bl\u00e9 inteligenci<\/div>\n<div class=\"custom-list\"><i class=\"moon-arrow-right-3\" style=\"color:#187cc4;\"><\/i>P\u0159ehled v oblasti senzorick\u00fdch syst\u00e9m\u016f aplikovan\u00fdch v mobiln\u00edch robotech<\/div>\n<div class=\"custom-list\"><i class=\"moon-arrow-right-3\" style=\"color:#187cc4;\"><\/i>Znalost objektov\u011b orientovan\u00e9ho programov\u00e1n\u00ed<\/div>\n<div class=\"custom-list\"><i class=\"moon-arrow-right-3\" style=\"color:#187cc4;\"><\/i>Zku\u0161enosti s C\/C++ minim\u00e1ln\u011b t\u0159i roky<\/div>\n<div class=\"custom-list\"><i class=\"moon-arrow-right-3\" style=\"color:#187cc4;\"><\/i>Pasivn\u00ed znalost anglick\u00e9ho jazyka, schopnost \u010dten\u00ed odborn\u00e9 literatury<\/div>\n<div class=\"custom-list\"><i class=\"moon-arrow-right-3\" style=\"color:#187cc4;\"><\/i>V\u00fdhodou zku\u0161enost s knihovnou MRPT, nebo opera\u010dn\u00edm syst\u00e9mem ROS\/OROCOS apod.<\/div>\n<div class=\"custom-list\"><i class=\"moon-arrow-right-3\" style=\"color:#187cc4;\"><\/i>Kreativitu, samostatnost, spolehlivost, analytick\u00e9 my\u0161len\u00ed, t\u00fdmov\u00e9ho ducha, proaktivn\u00ed p\u0159\u00edstup<\/div>\n<div class=\"spacer\" style=\"height:20px\"><\/div>\n<strong>Nab\u00edz\u00edme:<\/strong><br \/>\n<div class=\"custom-list\"><i class=\"moon-arrow-right-3\" style=\"color:#187cc4;\"><\/i>Pr\u00e1ci na zaj\u00edmav\u00fdch projektech z oblasti robotiky &#8211; autonomn\u011b \u0159\u00edzen\u00e9 vozidlo, UAV, inspek\u010dn\u00ed roboti, kooperace apod.<\/div>\n<div class=\"custom-list\"><i class=\"moon-arrow-right-3\" style=\"color:#187cc4;\"><\/i>\u00da\u010dast na v\u00fdvoji \u0161pi\u010dkov\u00fdch technologi\u00ed z dan\u00fdch oblast\u00ed<\/div>\n<div class=\"custom-list\"><i class=\"moon-arrow-right-3\" style=\"color:#187cc4;\"><\/i>Mlad\u00fd a profesion\u00e1ln\u00ed kolektiv, kter\u00fd pr\u00e1ce bav\u00ed<\/div>\n<div class=\"custom-list\"><i class=\"moon-arrow-right-3\" style=\"color:#187cc4;\"><\/i>Mo\u017enost dal\u0161\u00edho odborn\u00e9ho vzd\u011bl\u00e1v\u00e1n\u00ed<\/div>\n<div class=\"custom-list\"><i class=\"moon-arrow-right-3\" style=\"color:#187cc4;\"><\/i>Volnou pracovn\u00ed dobu (mo\u017enost pr\u00e1ce p\u0159i studiu)<\/div>\n<div class=\"custom-list\"><i class=\"moon-arrow-right-3\" style=\"color:#187cc4;\"><\/i>M\u00edsto pracovi\u0161t\u011b v Brn\u011b s dobrou dopravn\u00ed dostupnost\u00ed<\/div>\n<div class=\"spacer\" style=\"height:20px\"><\/div>\n<p style=\"text-align: justify;\">V p\u0159\u00edpad\u011b z\u00e1jmu n\u00e1s nev\u00e1hejte kontaktovat na <a href=\"mailto:info@rcesystems.cz\">info@rcesystems.cz<\/a>.<\/p>\n<\/div><\/div>\n<div class=\"pane-wrapper\"><div class=\"pane-title\"><i class=\"moon-camera-6 su-tab-icon\"><\/i>Po\u010d\u00edta\u010dov\u00e9 vid\u011bn\u00ed - v\u00fdvoj\u00e1\u0159<\/div><div class=\"su-tabs-pane\">\n<div class=\"spacer\" style=\"height:10px\"><\/div>\n<strong>N\u00e1pl\u0148 pr\u00e1ce:<\/strong><br \/>\n<div class=\"custom-list\"><i class=\"moon-arrow-right-3\" style=\"color:#187cc4;\"><\/i>V\u00fdvoj metod po\u010d\u00edta\u010dov\u00e9ho vid\u011bn\u00ed z rozli\u010dn\u00fdch oblast\u00ed (stereovize, detekce, sledov\u00e1n\u00ed, segmentace, filtrace apod.)<\/div>\n<div class=\"custom-list\"><i class=\"moon-arrow-right-3\" style=\"color:#187cc4;\"><\/i>Testov\u00e1n\u00ed a komparace d\u00edl\u010d\u00edch p\u0159\u00edstup\u016f<\/div>\n<div class=\"custom-list\"><i class=\"moon-arrow-right-3\" style=\"color:#187cc4;\"><\/i>Paralelizace a optimalizace st\u00e1vaj\u00edc\u00edch \u0159e\u0161en\u00ed<\/div>\n<div class=\"spacer\" style=\"height:20px\"><\/div>\n<strong>Po\u017eadujeme:<\/strong><br \/>\n<div class=\"custom-list\"><i class=\"moon-arrow-right-3\" style=\"color:#187cc4;\"><\/i>Orientaci v problematice po\u010d\u00edta\u010dov\u00e9ho zpracov\u00e1n\u00ed obrazu<\/div>\n<div class=\"custom-list\"><i class=\"moon-arrow-right-3\" style=\"color:#187cc4;\"><\/i>Zku\u0161enosti s knihovnou OpenCV alespo\u0148 dva roky<\/div>\n<div class=\"custom-list\"><i class=\"moon-arrow-right-3\" style=\"color:#187cc4;\"><\/i>Znalost objektov\u011b orientovan\u00e9ho programov\u00e1n\u00ed<\/div>\n<div class=\"custom-list\"><i class=\"moon-arrow-right-3\" style=\"color:#187cc4;\"><\/i>Zku\u0161enosti s C\/C++ minim\u00e1ln\u011b t\u0159i roky<\/div>\n<div class=\"custom-list\"><i class=\"moon-arrow-right-3\" style=\"color:#187cc4;\"><\/i>Pasivn\u00ed znalost anglick\u00e9ho jazyka, schopnost \u010dten\u00ed odborn\u00e9 literatury<\/div>\n<div class=\"custom-list\"><i class=\"moon-arrow-right-3\" style=\"color:#187cc4;\"><\/i>Kreativitu, samostatnost, spolehlivost, analytick\u00e9 my\u0161len\u00ed, t\u00fdmov\u00e9ho ducha, proaktivn\u00ed p\u0159\u00edstup<\/div>\n<div class=\"custom-list\"><i class=\"moon-arrow-right-3\" style=\"color:#187cc4;\"><\/i>Zku\u0161enost s paraleln\u00edm programov\u00e1n\u00edm v\u00edt\u00e1na (GPU\/CPU)<\/div>\n<div class=\"custom-list\"><i class=\"moon-arrow-right-3\" style=\"color:#187cc4;\"><\/i>Zku\u0161enost s knihovnou Qt v\u00edt\u00e1na<\/div>\n<div class=\"spacer\" style=\"height:20px\"><\/div>\n<strong>Nab\u00edz\u00edme:<\/strong><br \/>\n<div class=\"custom-list\"><i class=\"moon-arrow-right-3\" style=\"color:#187cc4;\"><\/i>Pr\u00e1ci na zaj\u00edmav\u00fdch projektech z oblasti po\u010d\u00edta\u010dov\u00e9ho vid\u011bn\u00ed (stereovize, zpracov\u00e1n\u00ed leteck\u00fdch sn\u00edmk\u016f, detekce objekt\u016f a jejich sledov\u00e1n\u00ed, atd.)<\/div>\n<div class=\"custom-list\"><i class=\"moon-arrow-right-3\" style=\"color:#187cc4;\"><\/i>\u00da\u010dast na v\u00fdvoji \u0161pi\u010dkov\u00fdch technologi\u00ed z dan\u00fdch oblast\u00ed<\/div>\n<div class=\"custom-list\"><i class=\"moon-arrow-right-3\" style=\"color:#187cc4;\"><\/i>Mlad\u00fd a profesion\u00e1ln\u00ed kolektiv, kter\u00fd pr\u00e1ce bav\u00ed<\/div>\n<div class=\"custom-list\"><i class=\"moon-arrow-right-3\" style=\"color:#187cc4;\"><\/i>Mo\u017enost dal\u0161\u00edho odborn\u00e9ho vzd\u011bl\u00e1v\u00e1n\u00ed<\/div>\n<div class=\"custom-list\"><i class=\"moon-arrow-right-3\" style=\"color:#187cc4;\"><\/i>Volnou pracovn\u00ed dobu (mo\u017enost pr\u00e1ce p\u0159i studiu)<\/div>\n<div class=\"custom-list\"><i class=\"moon-arrow-right-3\" style=\"color:#187cc4;\"><\/i>M\u00edsto pracovi\u0161t\u011b v Brn\u011b s dobrou dopravn\u00ed dostupnost\u00ed<\/div>\n<div class=\"spacer\" style=\"height:20px\"><\/div>\n<p style=\"text-align: justify;\">V p\u0159\u00edpad\u011b z\u00e1jmu n\u00e1s nev\u00e1hejte kontaktovat na <a href=\"mailto:info@rcesystems.cz\">info@rcesystems.cz<\/a>.<\/p>\n<\/div><\/div>\n<div class=\"pane-wrapper\"><div class=\"pane-title\"><i class=\"moon-bug-2 su-tab-icon\"><\/i>Vestav\u011bn\u00e9 syst\u00e9my - v\u00fdvoj\u00e1\u0159<\/div><div class=\"su-tabs-pane\">\n<div class=\"spacer\" style=\"height:10px\"><\/div>\n<strong>N\u00e1pl\u0148 pr\u00e1ce:<\/strong><br \/>\n<div class=\"custom-list\"><i class=\"moon-arrow-right-3\" style=\"color:#187cc4;\"><\/i>V\u00fdvoj \u0159\u00eddic\u00edch syst\u00e9m\u016f pracuj\u00edc\u00edch v re\u00e1ln\u00e9m \u010dase<\/div>\n<div class=\"custom-list\"><i class=\"moon-arrow-right-3\" style=\"color:#187cc4;\"><\/i>V\u00fdvoj komfortn\u00edch u\u017eivatelsk\u00fdch rozhran\u00ed (dotyk\/desktop)<\/div>\n<div class=\"custom-list\"><i class=\"moon-arrow-right-3\" style=\"color:#187cc4;\"><\/i>Optimalizace a \u00fadr\u017eba st\u00e1vaj\u00edc\u00edch syst\u00e9m\u016f<\/div>\n<div class=\"custom-list\"><i class=\"moon-arrow-right-3\" style=\"color:#187cc4;\"><\/i>V\u00fdvoj testovac\u00edch n\u00e1stroj\u016f<\/div>\n<div class=\"spacer\" style=\"height:20px\"><\/div>\n<strong>Po\u017eadujeme:<\/strong><br \/>\n<div class=\"custom-list\"><i class=\"moon-arrow-right-3\" style=\"color:#187cc4;\"><\/i>Znalost objektov\u011b orientovan\u00e9ho programov\u00e1n\u00ed a n\u00e1vrhov\u00fdch vzor\u016f<\/div>\n<div class=\"custom-list\"><i class=\"moon-arrow-right-3\" style=\"color:#187cc4;\"><\/i>Zku\u0161enosti s C\/C++ minim\u00e1ln\u011b dva roky<\/div>\n<div class=\"custom-list\"><i class=\"moon-arrow-right-3\" style=\"color:#187cc4;\"><\/i>Alespo\u0148 ro\u010dn\u00ed zku\u0161enosti s Qt (QML v\u00edt\u00e1no)<\/div>\n<div class=\"custom-list\"><i class=\"moon-arrow-right-3\" style=\"color:#187cc4;\"><\/i>Zku\u0161enosti s paraleln\u00edm programov\u00e1n\u00edm (vl\u00e1kna) <\/div>\n<div class=\"custom-list\"><i class=\"moon-arrow-right-3\" style=\"color:#187cc4;\"><\/i>Pasivn\u00ed znalost anglick\u00e9ho jazyka (zejm\u00e9na oborov\u00e9 technick\u00e9 angli\u010dtiny)<\/div>\n<div class=\"custom-list\"><i class=\"moon-arrow-right-3\" style=\"color:#187cc4;\"><\/i>Kreativitu, samostatnost, spolehlivost, analytick\u00e9 my\u0161len\u00ed, t\u00fdmov\u00e9ho ducha, proaktivn\u00ed p\u0159\u00edstup<\/div>\n<div class=\"spacer\" style=\"height:20px\"><\/div>\n<strong>Nab\u00edz\u00edme:<\/strong><br \/>\n<div class=\"custom-list\"><i class=\"moon-arrow-right-3\" style=\"color:#187cc4;\"><\/i>Pr\u00e1ci na zaj\u00edmav\u00fdch projektech z oblasti \u0159\u00edzen\u00ed (po\u017e\u00e1rn\u00ed n\u00e1stavby, m\u011b\u0159\u00edc\u00ed za\u0159\u00edzen\u00ed)<\/div>\n<div class=\"custom-list\"><i class=\"moon-arrow-right-3\" style=\"color:#187cc4;\"><\/i>\u00da\u010dast na v\u00fdvoji \u0161pi\u010dkov\u00fdch technologi\u00ed z dan\u00fdch oblast\u00ed<\/div>\n<div class=\"custom-list\"><i class=\"moon-arrow-right-3\" style=\"color:#187cc4;\"><\/i>Mlad\u00fd a profesion\u00e1ln\u00ed kolektiv, kter\u00fd pr\u00e1ce bav\u00ed<\/div>\n<div class=\"custom-list\"><i class=\"moon-arrow-right-3\" style=\"color:#187cc4;\"><\/i>Mo\u017enost dal\u0161\u00edho odborn\u00e9ho vzd\u011bl\u00e1v\u00e1n\u00ed<\/div>\n<div class=\"custom-list\"><i class=\"moon-arrow-right-3\" style=\"color:#187cc4;\"><\/i>Volnou pracovn\u00ed dobu (mo\u017enost pr\u00e1ce p\u0159i studiu)<\/div>\n<div class=\"custom-list\"><i class=\"moon-arrow-right-3\" style=\"color:#187cc4;\"><\/i>M\u00edsto pracovi\u0161t\u011b v Brn\u011b s dobrou dopravn\u00ed dostupnost\u00ed<\/div>\n<div class=\"spacer\" style=\"height:20px\"><\/div>\n<p style=\"text-align: justify;\">V p\u0159\u00edpad\u011b z\u00e1jmu n\u00e1s nev\u00e1hejte kontaktovat na <a href=\"mailto:info@rcesystems.cz\">info@rcesystems.cz<\/a>.<\/p>\n<\/div><\/div><\/div><div class=\"clear\"><\/div><\/div><\/p>","protected":false},"excerpt":{"rendered":"<p>RCE hled\u00e1 talentovan\u00e9 IT v\u00fdvoj\u00e1\u0159e z oblasti po\u010d\u00edta\u010dov\u00e9ho vid\u011bn\u00ed, robotiky a vestav\u011bn\u00fdch syst\u00e9m\u016f. Pracujeme na zaj\u00edmav\u00fdch a smyslupln\u00fdch projektech, kter\u00e9 maj\u00ed p\u0159\u00edm\u00e9 vyu\u017eit\u00ed v praxi. Jsme t\u00fdm, kter\u00fd realizuje neot\u0159el\u00e9 produkty v tv\u016fr\u010d\u00edm a p\u0159\u00e1telsk\u00e9m prost\u0159ed\u00ed. Aktu\u00e1ln\u011b hled\u00e1me:<\/p>\n","protected":false},"author":3,"featured_media":0,"parent":0,"menu_order":0,"comment_status":"closed","ping_status":"closed","template":"","meta":[],"_links":{"self":[{"href":"https:\/\/www.rcesystems.cz\/cs\/wp-json\/wp\/v2\/pages\/833"}],"collection":[{"href":"https:\/\/www.rcesystems.cz\/cs\/wp-json\/wp\/v2\/pages"}],"about":[{"href":"https:\/\/www.rcesystems.cz\/cs\/wp-json\/wp\/v2\/types\/page"}],"author":[{"embeddable":true,"href":"https:\/\/www.rcesystems.cz\/cs\/wp-json\/wp\/v2\/users\/3"}],"replies":[{"embeddable":true,"href":"https:\/\/www.rcesystems.cz\/cs\/wp-json\/wp\/v2\/comments?post=833"}],"version-history":[{"count":19,"href":"https:\/\/www.rcesystems.cz\/cs\/wp-json\/wp\/v2\/pages\/833\/revisions"}],"predecessor-version":[{"id":856,"href":"https:\/\/www.rcesystems.cz\/cs\/wp-json\/wp\/v2\/pages\/833\/revisions\/856"}],"wp:attachment":[{"href":"https:\/\/www.rcesystems.cz\/cs\/wp-json\/wp\/v2\/media?parent=833"}],"curies":[{"name":"wp","href":"https:\/\/api.w.org\/{rel}","templated":true}]}}