{"id":53,"date":"2013-09-05T14:48:27","date_gmt":"2013-09-05T14:48:27","guid":{"rendered":"http:\/\/localhost\/wordpress\/?page_id=53"},"modified":"2026-01-13T10:44:27","modified_gmt":"2026-01-13T09:44:27","slug":"about-us","status":"publish","type":"page","link":"https:\/\/www.rcesystems.cz\/cs\/about-us\/","title":{"rendered":"O firm\u011b"},"content":{"rendered":"<div id=\"rev_slider_4_2_wrapper\" class=\"rev_slider_wrapper fullwidthbanner-container\" style=\"margin:0px auto;background-color:#E9E9E9;padding:0px;margin-top:0px;margin-bottom:0px;max-height:350px;\">\n<!-- START REVOLUTION SLIDER 4.6.5 fullwidth mode -->\n\t<div id=\"rev_slider_4_2\" class=\"rev_slider fullwidthabanner\" style=\"display:none;max-height:350px;height:350px;\">\n<ul>\t<!-- SLIDE  -->\n\t<li data-transition=\"fade\" data-slotamount=\"7\" data-masterspeed=\"300\"  data-saveperformance=\"off\" >\n\t\t<!-- MAIN IMAGE -->\n\t\t<img src=\"https:\/\/www.rcesystems.cz\/wp-content\/uploads\/2013\/09\/about_us_bird_940x350.jpg\"  alt=\"\"  data-bgposition=\"center top\" data-bgfit=\"cover\" data-bgrepeat=\"no-repeat\">\n\t\t<!-- LAYERS -->\n\n\t\t<!-- LAYER NR. 1 -->\n\t\t<div class=\"tp-caption rcebgcolor lft\" \n\t\t\t data-x=\"549\" \n\t\t\t data-y=\"238\"  \n\t\t\tdata-speed=\"700\" \n\t\t\tdata-start=\"1500\" \n\t\t\tdata-easing=\"easeOutExpo\" \n\t\t\tdata-splitin=\"none\" \n\t\t\tdata-splitout=\"none\" \n\t\t\tdata-elementdelay=\"0.1\" \n\t\t\tdata-endelementdelay=\"0.1\" \n\t\t\t data-endspeed=\"300\" \n\n\t\t\tstyle=\"z-index: 5; max-width: auto; max-height: auto; white-space: nowrap;\"><div style=\"margin: 7px auto; margin-right: 15px; margin-left: 15px;\">\nerror free\n<\/div> \n\t\t<\/div>\n\n\t\t<!-- LAYER NR. 2 -->\n\t\t<div class=\"tp-caption kickstart_heading lfr\" \n\t\t\t data-x=\"607\" \n\t\t\t data-y=\"-1\"  \n\t\t\tdata-speed=\"300\" \n\t\t\tdata-start=\"500\" \n\t\t\tdata-easing=\"easeOutExpo\" \n\t\t\tdata-elementdelay=\"0.1\" \n\t\t\tdata-endelementdelay=\"0.1\" \n\t\t\t data-endspeed=\"300\" \n\n\t\t\tstyle=\"z-index: 6;\"><img src=\"https:\/\/www.rcesystems.cz\/wp-content\/uploads\/2013\/09\/wordpress_logo_aboutus5.png\" alt=\"\"> \n\t\t<\/div>\n\t<\/li>\n\t<!-- SLIDE  -->\n\t<li data-transition=\"fade\" data-slotamount=\"7\" data-masterspeed=\"300\"  data-saveperformance=\"off\" >\n\t\t<!-- MAIN IMAGE -->\n\t\t<img src=\"https:\/\/www.rcesystems.cz\/wp-content\/uploads\/2013\/09\/about_us_bird_940x350.jpg\"  alt=\"\"  data-bgposition=\"center top\" data-bgfit=\"cover\" data-bgrepeat=\"no-repeat\">\n\t\t<!-- LAYERS -->\n\n\t\t<!-- LAYER NR. 1 -->\n\t\t<div class=\"tp-caption rcebgcolor lft\" \n\t\t\t data-x=\"549\" \n\t\t\t data-y=\"238\"  \n\t\t\tdata-speed=\"700\" \n\t\t\tdata-start=\"1500\" \n\t\t\tdata-easing=\"easeOutExpo\" \n\t\t\tdata-splitin=\"none\" \n\t\t\tdata-splitout=\"none\" \n\t\t\tdata-elementdelay=\"0.1\" \n\t\t\tdata-endelementdelay=\"0.1\" \n\t\t\t data-endspeed=\"300\" \n\n\t\t\tstyle=\"z-index: 5; max-width: auto; max-height: auto; white-space: nowrap;\"><div style=\"margin: 7px auto; margin-right: 15px; margin-left: 15px;\">\nerror free\n<\/div> \n\t\t<\/div>\n\n\t\t<!-- LAYER NR. 2 -->\n\t\t<div class=\"tp-caption kickstart_heading lfr\" \n\t\t\t data-x=\"607\" \n\t\t\t data-y=\"-1\"  \n\t\t\tdata-speed=\"300\" \n\t\t\tdata-start=\"500\" \n\t\t\tdata-easing=\"easeOutExpo\" \n\t\t\tdata-elementdelay=\"0.1\" \n\t\t\tdata-endelementdelay=\"0.1\" \n\t\t\t data-endspeed=\"300\" \n\n\t\t\tstyle=\"z-index: 6;\"><img src=\"https:\/\/www.rcesystems.cz\/wp-content\/uploads\/2013\/09\/wordpress_logo_aboutus5.png\" alt=\"\"> \n\t\t<\/div>\n\t<\/li>\n<\/ul>\n<div class=\"tp-bannertimer tp-bottom\" style=\"visibility: hidden !important;\"><\/div>\t<\/div>\n\t\t\t\n\n\t\t\t<style scoped>.tp-caption.kickstart_heading,.kickstart_heading{position:absolute;color:#333;text-shadow:none;font-weight:700;font-size:34px;line-height:39px;padding:0;margin:0px;border-width:0px;border-style:none}.tp-caption.rcebgcolor,.rcebgcolor{font-size:30px;line-height:32px;font-weight:700;color:rgb(255,255,255);text-decoration:none;padding:5px 15px;text-shadow:none;margin:0px;-webkit-box-shadow:rgba(180,180,180,0.2) 0px 1px 2px 0px;box-shadow:rgba(180,180,180,0.2) 0px 1px 2px 0px;background-color:rgb(26,108,183);border-radius:2px 2px 2px 2px;border-width:0px;border-color:rgb(255,255,255);border-style:none}<\/style>\n\n\t\t\t<script type=\"text\/javascript\">\n\n\t\t\t\t\/******************************************\n\t\t\t\t\t-\tPREPARE PLACEHOLDER FOR SLIDER\t-\n\t\t\t\t******************************************\/\n\t\t\t\t\n\n\t\t\t\tvar setREVStartSize = function() {\n\t\t\t\t\tvar\ttpopt = new Object();\n\t\t\t\t\t\ttpopt.startwidth = 940;\n\t\t\t\t\t\ttpopt.startheight = 350;\n\t\t\t\t\t\ttpopt.container = jQuery('#rev_slider_4_2');\n\t\t\t\t\t\ttpopt.fullScreen = \"off\";\n\t\t\t\t\t\ttpopt.forceFullWidth=\"off\";\n\n\t\t\t\t\ttpopt.container.closest(\".rev_slider_wrapper\").css({height:tpopt.container.height()});tpopt.width=parseInt(tpopt.container.width(),0);tpopt.height=parseInt(tpopt.container.height(),0);tpopt.bw=tpopt.width\/tpopt.startwidth;tpopt.bh=tpopt.height\/tpopt.startheight;if(tpopt.bh>tpopt.bw)tpopt.bh=tpopt.bw;if(tpopt.bh<tpopt.bw)tpopt.bw=tpopt.bh;if(tpopt.bw<tpopt.bh)tpopt.bh=tpopt.bw;if(tpopt.bh>1){tpopt.bw=1;tpopt.bh=1}if(tpopt.bw>1){tpopt.bw=1;tpopt.bh=1}tpopt.height=Math.round(tpopt.startheight*(tpopt.width\/tpopt.startwidth));if(tpopt.height>tpopt.startheight&&tpopt.autoHeight!=\"on\")tpopt.height=tpopt.startheight;if(tpopt.fullScreen==\"on\"){tpopt.height=tpopt.bw*tpopt.startheight;var cow=tpopt.container.parent().width();var coh=jQuery(window).height();if(tpopt.fullScreenOffsetContainer!=undefined){try{var offcontainers=tpopt.fullScreenOffsetContainer.split(\",\");jQuery.each(offcontainers,function(e,t){coh=coh-jQuery(t).outerHeight(true);if(coh<tpopt.minFullScreenHeight)coh=tpopt.minFullScreenHeight})}catch(e){}}tpopt.container.parent().height(coh);tpopt.container.height(coh);tpopt.container.closest(\".rev_slider_wrapper\").height(coh);tpopt.container.closest(\".forcefullwidth_wrapper_tp_banner\").find(\".tp-fullwidth-forcer\").height(coh);tpopt.container.css({height:\"100%\"});tpopt.height=coh;}else{tpopt.container.height(tpopt.height);tpopt.container.closest(\".rev_slider_wrapper\").height(tpopt.height);tpopt.container.closest(\".forcefullwidth_wrapper_tp_banner\").find(\".tp-fullwidth-forcer\").height(tpopt.height);}\n\t\t\t\t};\n\n\t\t\t\t\/* CALL PLACEHOLDER *\/\n\t\t\t\tsetREVStartSize();\n\n\n\t\t\t\tvar tpj=jQuery;\n\t\t\t\ttpj.noConflict();\n\t\t\t\tvar revapi4;\n\n\t\t\t\ttpj(document).ready(function() {\n\n\t\t\t\tif(tpj('#rev_slider_4_2').revolution == undefined){\n\t\t\t\t\trevslider_showDoubleJqueryError('#rev_slider_4_2');\n\t\t\t\t}else{\n\t\t\t\t   revapi4 = tpj('#rev_slider_4_2').show().revolution(\n\t\t\t\t\t{\t\n\t\t\t\t\t\t\t\t\t\t\t\tdottedOverlay:\"none\",\n\t\t\t\t\t\tdelay:9000,\n\t\t\t\t\t\tstartwidth:940,\n\t\t\t\t\t\tstartheight:350,\n\t\t\t\t\t\thideThumbs:200,\n\n\t\t\t\t\t\tthumbWidth:100,\n\t\t\t\t\t\tthumbHeight:50,\n\t\t\t\t\t\tthumbAmount:1,\n\t\t\t\t\t\t\n\t\t\t\t\t\t\t\t\t\t\t\t\n\t\t\t\t\t\tsimplifyAll:\"off\",\n\n\t\t\t\t\t\tnavigationType:\"none\",\n\t\t\t\t\t\tnavigationArrows:\"none\",\n\t\t\t\t\t\tnavigationStyle:\"round\",\n\n\t\t\t\t\t\ttouchenabled:\"on\",\n\t\t\t\t\t\tonHoverStop:\"off\",\n\t\t\t\t\t\tnextSlideOnWindowFocus:\"off\",\n\n\t\t\t\t\t\tswipe_threshold: 75,\n\t\t\t\t\t\tswipe_min_touches: 1,\n\t\t\t\t\t\tdrag_block_vertical: false,\n\t\t\t\t\t\t\n\t\t\t\t\t\t\t\t\t\t\t\t\n\t\t\t\t\t\t\t\t\t\t\t\t\n\t\t\t\t\t\tkeyboardNavigation:\"off\",\n\n\t\t\t\t\t\tnavigationHAlign:\"center\",\n\t\t\t\t\t\tnavigationVAlign:\"bottom\",\n\t\t\t\t\t\tnavigationHOffset:0,\n\t\t\t\t\t\tnavigationVOffset:20,\n\n\t\t\t\t\t\tsoloArrowLeftHalign:\"left\",\n\t\t\t\t\t\tsoloArrowLeftValign:\"center\",\n\t\t\t\t\t\tsoloArrowLeftHOffset:20,\n\t\t\t\t\t\tsoloArrowLeftVOffset:0,\n\n\t\t\t\t\t\tsoloArrowRightHalign:\"right\",\n\t\t\t\t\t\tsoloArrowRightValign:\"center\",\n\t\t\t\t\t\tsoloArrowRightHOffset:20,\n\t\t\t\t\t\tsoloArrowRightVOffset:0,\n\n\t\t\t\t\t\tshadow:0,\n\t\t\t\t\t\tfullWidth:\"on\",\n\t\t\t\t\t\tfullScreen:\"off\",\n\n\t\t\t\t\t\t\t\t\t\t\t\tspinner:\"spinner0\",\n\t\t\t\t\t\t\t\t\t\t\t\t\n\t\t\t\t\t\tstopLoop:\"on\",\n\t\t\t\t\t\tstopAfterLoops:1,\n\t\t\t\t\t\tstopAtSlide:2,\n\n\t\t\t\t\t\tshuffle:\"off\",\n\n\t\t\t\t\t\tautoHeight:\"off\",\n\t\t\t\t\t\tforceFullWidth:\"off\",\n\t\t\t\t\t\t\n\t\t\t\t\t\t\n\t\t\t\t\t\thideTimerBar:\"on\",\n\t\t\t\t\t\thideThumbsOnMobile:\"off\",\n\t\t\t\t\t\thideNavDelayOnMobile:1500,\n\t\t\t\t\t\thideBulletsOnMobile:\"off\",\n\t\t\t\t\t\thideArrowsOnMobile:\"off\",\n\t\t\t\t\t\thideThumbsUnderResolution:0,\n\n\t\t\t\t\t\t\t\t\t\t\t\thideSliderAtLimit:0,\n\t\t\t\t\t\thideCaptionAtLimit:0,\n\t\t\t\t\t\thideAllCaptionAtLilmit:0,\n\t\t\t\t\t\tstartWithSlide:0\t\t\t\t\t});\n\n\n\n\t\t\t\t\t\t\t\t\t}\n\t\t\t\t});\t\/*ready*\/\n\n\t\t\t<\/script>\n\n\n\t\t\t<\/div><!-- END REVOLUTION SLIDER -->\n<div class=\"spacer\" style=\"height:25px\"><\/div>\n<div class=\"column column-1-2\">\n<div class=\"heading-wrapper\"><h6><span class=\"heading-line-left\"><\/span><strong>Kdo jsme<\/strong><span class=\"heading-line-right\"><\/span><\/h6><\/div>\n<p style=\"text-align: justify;\">\n<strong>RCE t\u00fdm je skupina IT profesion\u00e1l\u016f<\/strong> v oblasti robotiky, po\u010d\u00edta\u010dov\u00e9ho vid\u011bn\u00ed a vestav\u011bn\u00fdch syst\u00e9m\u016f. Poskytujeme profesion\u00e1ln\u00ed slu\u017eby ve v\u00fdvoji software i hardware a v\u00fdzkumn\u00e9 \u010dinnosti. D\u00edky spolupr\u00e1ci s experty z akademick\u00e9 p\u016fdy i komer\u010dn\u00ed sf\u00e9ry jsme z\u00edskali zna\u010dn\u00e9 zku\u0161enosti v analyzov\u00e1n\u00ed, projektov\u00e1n\u00ed a realizaci komplexn\u00edch mechatronick\u00fdch syst\u00e9m\u016f. Na\u0161\u00ed rol\u00ed je pomoci vyvinout, implementovat a vylep\u0161it nov\u00e9, nebo netradi\u010dn\u00ed p\u0159\u00edstupy v pr\u016fmyslov\u00e9 automatizaci a p\u0159iv\u00e9st je do praxe.\n<\/p>\n<\/div>\n<div class=\"column column-1-2 column-last\">\n<div class=\"heading-wrapper\"><h6><span class=\"heading-line-left\"><\/span><strong>Na\u0161e dovednosti<\/strong><span class=\"heading-line-right\"><\/span><\/h6><\/div>\n<div class=\"skillbar-title\">Robotika <span>100%<\/span><\/div><div class=\"skillbar-wrapper\" data-perc=\"100\"><div class=\"skillbar\"><\/div><\/div>\n<div class=\"skillbar-title\">Po\u010d\u00edta\u010dov\u00e9 vid\u011bn\u00ed <span>100%<\/span><\/div><div class=\"skillbar-wrapper\" data-perc=\"100\"><div class=\"skillbar\"><\/div><\/div>\n<div class=\"skillbar-title\">Vestav\u011bn\u00e9 syst\u00e9my <span>100%<\/span><\/div><div class=\"skillbar-wrapper\" data-perc=\"100\"><div class=\"skillbar\"><\/div><\/div>\n<\/div><div class=\"clear\"><\/div>\n<div class=\"spacer\" style=\"height:25px\"><\/div>\n<div class=\"heading-wrapper\"><h6><span class=\"heading-line-left\"><\/span><strong>Dota\u010dn\u00ed programy<\/strong><span class=\"heading-line-right\"><\/span><\/h6><\/div>\n<p><strong>Spole\u010dnost RCE Systems s.r.o. se z\u00fa\u010dastnila nebo \u00fa\u010dastn\u00ed n\u00e1sleduj\u00edc\u00edch dota\u010dn\u00edch program\u016f:<\/strong><\/p>\n<div class=\"spacer\" style=\"height:15px\"><\/div>\n<div class=\"column column-1-4\">\n<img decoding=\"async\" src=\"http:\/\/www.rcesystems.cz\/wp-content\/uploads\/2026\/01\/EUlogo-cofundedCZ.png\" style=\"max-width:200px;\"><br \/>\n<img decoding=\"async\" src=\"http:\/\/www.rcesystems.cz\/wp-content\/uploads\/2026\/01\/MPOlogo.jpg\" style=\"max-width:150px; display:block;\"><br \/>\n<\/div>\n<div class=\"column column-3-4 column-last\">\n<h4>CZ.01.02.01\/04\/23_017\/0002824<\/h4>\n<p><strong>Projekt: RCE systems s. r. o. \u2013 \u00fa\u010dast na zahrani\u010dn\u00edch v\u00fdstav\u00e1ch a veletrz\u00edch 2024\u20132025<\/strong><\/p>\n<p style=\"text-align: justify;\">\nHlavn\u00edm c\u00edlem projektu je pos\u00edlen\u00ed r\u016fstov\u00e9 motivace spole\u010dnosti RCE systems s. r. o., zv\u00fd\u0161en\u00ed jej\u00ed konkurenceschopnosti a marketingov\u00e9 p\u0159ipravenosti p\u0159i vstupu na zahrani\u010dn\u00ed trhy.\n<\/p>\n<\/div><div class=\"clear\"><\/div>\n<div class=\"spacer\" style=\"height:20px\"><\/div>\n<div class=\"column column-1-4\">\n<img decoding=\"async\" src=\"http:\/\/www.rcesystems.cz\/wp-content\/uploads\/2026\/01\/tacr-logo.png\" style=\"max-width:100px;\"><br \/>\n<\/div>\n<div class=\"column column-3-4 column-last\">\n<h4>CL02000089<\/h4>\n<p><strong>Projekt: Um\u011bl\u00e1 inteligence a kolaborativn\u00ed drony pro zv\u00fd\u0161en\u00ed bezpe\u010dnosti provozu<\/strong><\/p>\n<p style=\"text-align: justify;\">\nC\u00edlem projektu je v\u00fdvoj syst\u00e9mu pro monitorov\u00e1n\u00ed silni\u010dn\u00ed dopravy pomoc\u00ed dron\u016f a um\u011bl\u00e9 inteligence, jeho ov\u011b\u0159en\u00ed v re\u00e1ln\u00e9m provozu a vytvo\u0159en\u00ed metodiky vyu\u017eiteln\u00e9 pro prevenci i dohled.\n<\/p>\n<\/div><div class=\"clear\"><\/div>\n<div class=\"spacer\" style=\"height:20px\"><\/div>\n<div class=\"column column-1-4\">\n<img decoding=\"async\" src=\"http:\/\/www.rcesystems.cz\/wp-content\/uploads\/2026\/01\/EUlogo-cofundedCZ.png\" style=\"max-width:200px;\"><br \/>\n<img decoding=\"async\" src=\"http:\/\/www.rcesystems.cz\/wp-content\/uploads\/2026\/01\/MPOlogo.jpg\" style=\"max-width:150px; display:block;\"><br \/>\n<\/div>\n<div class=\"column column-3-4 column-last\">\n<h4>CZ.01.02.01\/04\/24_044\/0005675<\/h4>\n<p><strong>Projekt: \u00da\u010dast spole\u010dnosti RCE systems na zahrani\u010dn\u00edch v\u00fdstav\u00e1ch a veletrz\u00edch<\/strong><\/p>\n<p style=\"text-align: justify;\">\nC\u00edlem projektu je podpora internacionalizace spole\u010dnosti RCE systems s. r. o. a pos\u00edlen\u00ed jej\u00ed konkurenceschopnosti na zahrani\u010dn\u00edch trz\u00edch.\n<\/p>\n<\/div><div class=\"clear\"><\/div>\n<div class=\"spacer\" style=\"height:20px\"><\/div>\n<div class=\"column column-1-4\">\n<img decoding=\"async\" src=\"http:\/\/www.rcesystems.cz\/wp-content\/uploads\/2026\/01\/tacr-logo.png\" style=\"max-width:100px;\"><br \/>\n<\/div>\n<div class=\"column column-3-4 column-last\">\n<h4>CK04000264<\/h4>\n<p><strong>Projekt: Emise z dopravy pr\u016fhledn\u011b<\/strong><\/p>\n<p style=\"text-align: justify;\">\nProjekt se zam\u011b\u0159uje na v\u00fdvoj a ov\u011b\u0159en\u00ed syst\u00e9mu pro nep\u0159\u00edm\u00e9 m\u011b\u0159en\u00ed v\u00fdfukov\u00fdch i nev\u00fdfukov\u00fdch emis\u00ed v re\u00e1ln\u00e9m \u010dase s vyu\u017eit\u00edm dopravn\u00edch dat a st\u00e1vaj\u00edc\u00ed kamerov\u00e9 infrastruktury.\n<\/p>\n<\/div><div class=\"clear\"><\/div>\n<div class=\"spacer\" style=\"height:20px\"><\/div>\n<div class=\"column column-1-4\">\n<img decoding=\"async\" src=\"http:\/\/www.rcesystems.cz\/wp-content\/uploads\/2026\/01\/tacr-logo.png\" style=\"max-width:100px;\"><br \/>\n<\/div>\n<div class=\"column column-3-4 column-last\">\n<h4>TL02000352<\/h4>\n<p><strong>Projekt: Klasifikace soci\u00e1ln\u011b-psychologick\u00fdch parametr\u016f osob prost\u0159ednictv\u00edm um\u011bl\u00e9 inteligence a strojov\u00e9ho vid\u011bn\u00ed pro pot\u0159eby ochrany osob v re\u00e1ln\u00e9m \u010dase<\/strong><\/p>\n<p style=\"text-align: justify;\">\nProjekt se zam\u011b\u0159uje na anal\u00fdzu chov\u00e1n\u00ed osob ve ve\u0159ejn\u00fdch prostorech s c\u00edlem zv\u00fd\u0161it bezpe\u010dnost a podpo\u0159it rozhodov\u00e1n\u00ed bezpe\u010dnostn\u00edch slo\u017eek.\n<\/p>\n<\/div><div class=\"clear\"><\/div>\n<div class=\"spacer\" style=\"height:20px\"><\/div>\n<div class=\"column column-1-4\">\n<img decoding=\"async\" src=\"http:\/\/www.rcesystems.cz\/wp-content\/uploads\/2026\/01\/program-delta2-logo.png\" style=\"max-width:100px;\"><br \/>\n<\/div>\n<div class=\"column column-3-4 column-last\">\n<h4>TM01000067<\/h4>\n<p><strong>Projekt: V\u00fdvoj a v\u00fdzkum V2X detektoru dopravy kombinuj\u00edc\u00edho radarov\u00e1 a obrazov\u00e1 data<\/strong><\/p>\n<p style=\"text-align: justify;\">\nProjekt je zam\u011b\u0159en na v\u00fdvoj pokro\u010dil\u00e9ho dopravn\u00edho detektoru kombinuj\u00edc\u00edho radarov\u00e1 a kamerov\u00e1 data s vyu\u017eit\u00edm um\u011bl\u00e9 inteligence.\n<\/p>\n<\/div><div class=\"clear\"><\/div>\n<div class=\"spacer\" style=\"height:20px\"><\/div>\n<div class=\"column column-1-4\">\n<img decoding=\"async\" src=\"http:\/\/www.rcesystems.cz\/wp-content\/uploads\/2026\/01\/tacr-logo.png\" style=\"max-width:100px;\"><br \/>\n<\/div>\n<div class=\"column column-3-4 column-last\">\n<h4>TF06000099<\/h4>\n<p><strong>Projekt: Mobiln\u00ed platforma pro monitorov\u00e1n\u00ed dopravy s vyu\u017eit\u00edm dron\u016f a po\u010d\u00edta\u010dov\u00e9ho vid\u011bn\u00ed<\/strong><\/p>\n<p style=\"text-align: justify;\">\nC\u00edlem projektu je v\u00fdvoj mobiln\u00ed platformy pro rychl\u00e9 nasazen\u00ed monitoringu dopravy s vyu\u017eit\u00edm bezpilotn\u00edch prost\u0159edk\u016f a metod po\u010d\u00edta\u010dov\u00e9ho vid\u011bn\u00ed.\n<\/p>\n<\/div><div class=\"clear\"><\/div>","protected":false},"excerpt":{"rendered":"<p>Spole\u010dnost RCE Systems s.r.o. se z\u00fa\u010dastnila nebo \u00fa\u010dastn\u00ed n\u00e1sleduj\u00edc\u00edch dota\u010dn\u00edch program\u016f:<\/p>\n","protected":false},"author":1,"featured_media":0,"parent":0,"menu_order":0,"comment_status":"open","ping_status":"open","template":"","meta":[],"_links":{"self":[{"href":"https:\/\/www.rcesystems.cz\/cs\/wp-json\/wp\/v2\/pages\/53"}],"collection":[{"href":"https:\/\/www.rcesystems.cz\/cs\/wp-json\/wp\/v2\/pages"}],"about":[{"href":"https:\/\/www.rcesystems.cz\/cs\/wp-json\/wp\/v2\/types\/page"}],"author":[{"embeddable":true,"href":"https:\/\/www.rcesystems.cz\/cs\/wp-json\/wp\/v2\/users\/1"}],"replies":[{"embeddable":true,"href":"https:\/\/www.rcesystems.cz\/cs\/wp-json\/wp\/v2\/comments?post=53"}],"version-history":[{"count":95,"href":"https:\/\/www.rcesystems.cz\/cs\/wp-json\/wp\/v2\/pages\/53\/revisions"}],"predecessor-version":[{"id":1111,"href":"https:\/\/www.rcesystems.cz\/cs\/wp-json\/wp\/v2\/pages\/53\/revisions\/1111"}],"wp:attachment":[{"href":"https:\/\/www.rcesystems.cz\/cs\/wp-json\/wp\/v2\/media?parent=53"}],"curies":[{"name":"wp","href":"https:\/\/api.w.org\/{rel}","templated":true}]}}