{"id":5,"date":"2013-09-04T15:13:40","date_gmt":"2013-09-04T15:13:40","guid":{"rendered":"http:\/\/localhost\/wordpress\/?page_id=5"},"modified":"2014-09-24T13:12:17","modified_gmt":"2014-09-24T11:12:17","slug":"home","status":"publish","type":"page","link":"https:\/\/www.rcesystems.cz\/cs\/","title":{"rendered":"\u00davod"},"content":{"rendered":"<p><div class=\"background-block\" style=\"background-color:#eee;  margin-top:-40px; margin-bottom:60px; padding-top:40px; padding-bottom:45px; text-align:left;\"><div class=\"background-block-container\">\n<div class=\"column column-3-4\">\n<div style=\"color: #696969; font-size: 14px;\">\n<h2 style=\"font-weight: lighter; color: #696969;\"><strong>Konstrukce, v\u00fdvoj a verifikace mechatronick\u00fdch syst\u00e9m\u016f&#8230;<\/strong><\/h2>\n<p style=\"text-align: justify;\">Tam, kde jsou standardn\u00ed \u0159e\u0161en\u00ed nevhodn\u00e1, nebo nespl\u0148uj\u00ed o\u010dek\u00e1v\u00e1n\u00ed z\u00e1kazn\u00edka, nab\u00edz\u00edme na\u0161e zku\u0161enosti a schopnosti konstruovat, implementovat, integrovat a testovat komplexn\u00ed mechatronick\u00e9 syst\u00e9my. Na\u0161e produkty vynikaj\u00ed kvalitou, preciznost\u00ed a spolehlivost\u00ed. P\u0159i \u0159e\u0161en\u00ed vyu\u017e\u00edv\u00e1me nejmodern\u011bj\u0161\u00edch technologi\u00ed a stav\u00edme na sou\u010dasn\u00fdch poznatc\u00edch v dan\u00fdch oblastech.\n<\/p>\n<\/div>\n<\/div>\n<div class=\"column column-1-4 column-last\">\n<i class=\"moon-location-2 pull-right\" style=\"font-size: 125px; line-height: 1;\"><\/i><br \/>\n<\/div><div class=\"clear\"><\/div>\n<\/div><\/div>\n<div class=\"column column-1-3\">\n<div class=\"service-box\"><i style=\"font-size:32px; color:;\" class=\"moon-cogs\"><\/i><div class=\"service-content\" style=\"margin-left:57px;\"><h5>Robotika<\/h5>\n<p style=\"text-align: justify;\">V\u011bnujeme se v\u00fdvoji a konstruov\u00e1n\u00ed pr\u016fmyslov\u00fdch robot\u016f v aplikac\u00edch jako je kontrola kvality produkt\u016f, jejich kompletace, m\u011b\u0159en\u00ed apod.<\/p>\n<\/div><\/div>\n<div class=\"spacer\" style=\"height:30px\"><\/div>\n<div class=\"service-box\"><i style=\"font-size:30px; color:;\" class=\"moon-puzzle-3\"><\/i><div class=\"service-content\" style=\"margin-left:55px;\"><h5>Zak\u00e1zkov\u00fd v\u00fdvoj<\/h5>\n<p style=\"text-align: justify;\">Na\u0161im z\u00e1kazn\u00edk\u016fm nab\u00edz\u00edme kompletn\u00ed \u0159e\u0161en\u00ed na m\u00edru. D\u00edky \u00fazk\u00e9 spolupr\u00e1ci se z\u00e1kazn\u00edkem jsme schopni naplnit ka\u017ed\u00e9 o\u010dek\u00e1v\u00e1n\u00ed a pot\u0159ebu.<\/p>\n<\/div><\/div>\n<\/div>\n<div class=\"column column-1-3\">\n<div class=\"service-box\"><i style=\"font-size:29px; color:;\" class=\"moon-camera-8\"><\/i><div class=\"service-content\" style=\"margin-left:54px;\"><h5>Po\u010d\u00edta\u010dov\u00e9 vid\u011bn\u00ed<\/h5>\n<p style=\"text-align: justify;\">Vyv\u00edj\u00edme a implementujeme metody zpracov\u00e1n\u00ed a anal\u00fdzy obrazov\u00fdch dat pro pr\u016fmyslovou automatizaci (vizu\u00e1ln\u00ed inspekce, po\u010d\u00edt\u00e1n\u00ed objekt\u016f atd.).<\/p>\n<\/div><\/div>\n<div class=\"spacer\" style=\"height:30px\"><\/div>\n<div class=\"service-box\"><i style=\"font-size:32px; color:;\" class=\"moon-eye-2\"><\/i><div class=\"service-content\" style=\"margin-left:57px;\"><h5>Komplexn\u00ed \u0159e\u0161en\u00ed<\/h5>\n<p style=\"text-align: justify;\"> Na\u0161e \u0159e\u0161en\u00ed nejsou jen slepencem funkc\u00ed. Ve v\u0161em co d\u011bl\u00e1me klademe d\u016fraz na \u010dist\u00fd n\u00e1vrh a bezchybnou funk\u010dnost. <\/p>\n<\/div><\/div>\n<\/div>\n<div class=\"column column-1-3 column-last\">\n<div class=\"service-box\"><i style=\"font-size:29px; color:;\" class=\"moon-bug-2\"><\/i><div class=\"service-content\" style=\"margin-left:54px;\"><h5>Vestav\u011bn\u00e9 syst\u00e9my<\/h5>\n<p style=\"text-align: justify;\">Realizujeme zak\u00e1zkov\u00fd v\u00fdvoj vestav\u011bn\u00fdch syst\u00e9m\u016f, po\u010d\u00ednaje n\u00e1vrhem ti\u0161t\u011bn\u00fdch spoj\u016f, p\u0159es vlastn\u00ed software, kon\u010de v\u00fdslednou finalizac\u00ed a testov\u00e1n\u00edm.<\/p>\n<\/div><\/div>\n<div class=\"spacer\" style=\"height:30px\"><\/div>\n<div class=\"service-box\"><i style=\"font-size:30px; color:;\" class=\"moon-checkmark-3\"><\/i><div class=\"service-content\" style=\"margin-left:55px;\"><h5>Zam\u011b\u0159eno na kvalitu<\/h5>\n<p style=\"text-align: justify;\"> M\u00e1me vysok\u00e9 po\u017eadavky na kvalitu na\u0161ich produkt\u016f; v \u017e\u00e1dn\u00e9 f\u00e1zi v\u00fdvoje nevyu\u017e\u00edv\u00e1me vn\u011bj\u0161\u00edch subdodavatelsk\u00fdch zdroj\u016f. <\/p>\n<\/div><\/div>\n<\/div><div class=\"clear\"><\/div>\n<div class=\"heading-wrapper\"><h6><span class=\"heading-line-left\"><\/span><strong>Doporu\u010den\u00ed na\u0161ich partner\u016f<\/strong><span class=\"heading-line-right\"><\/span><\/h6><\/div>\n<div class=\"big-testimonial-wrapper\"><div class=\"big-testimonial-image\"><img src=\"http:\/\/www.rcesystems.cz\/wp-content\/uploads\/2013\/09\/tomas_ondracek_bw.png\" alt=\"\" \/><\/div><div class=\"big-testimonial-content\"><p style='text-align: justify;'>'Se \u010dleny RCE t\u00fdmu jsem pracoval n\u011bkolik let na projektu autonomn\u011b \u0159\u00edzen\u00e9ho vozidla. Jejich pr\u00e1ce se v\u017edy vyzna\u010dovala kvalitou a vynikala kreativitou. Nyn\u00ed zakl\u00e1daj\u00ed vlastn\u00ed spole\u010dnost a j\u00e1 jim s pot\u011b\u0161en\u00edm mohu d\u00e1t sv\u00e9 osobn\u00ed doporu\u010den\u00ed.'<\/p><span><b>Tom\u00e1\u0161 Ondr\u00e1\u010dek, Ph.D.<\/b>, spoluzakladatel spole\u010dnosti ARTIN s.r.o.<\/span><\/div><div class=\"clear\"><\/div><\/div>\n<div class=\"background-block\" style=\"background-color:;  margin-top:20px; margin-bottom:-40px; padding-top:40px; padding-bottom:45px; text-align:left;\"><div class=\"background-block-container\">\n<div class=\"column column-1-2\">\n<h2 style=\"font-weight: lighter; color: #fff;\"><strong>RCE<\/strong>, try and see\u2026<\/h2>\n<div style=\"color: #eee;\">\n<p style=\"text-align: justify;\">\nP\u0159esv\u011bd\u010dte se, \u017ee jsme schopni vyv\u00edjet vysoce kvalitn\u00ed \u0159e\u0161en\u00ed v dohodnut\u00fdch term\u00ednech a p\u0159i dodr\u017een\u00ed stanoven\u00e9ho rozpo\u010dtu. Pracujeme tvrd\u011b a svoji pr\u00e1ci si u\u017e\u00edv\u00e1me. Spolupr\u00e1ce s n\u00e1mi je efektivn\u00ed, profesion\u00e1ln\u00ed a nadstandardn\u00ed.\n<\/p>\n<\/div>\n<\/div>\n<div class=\"column column-1-4\">\n<div class=\"widget-title\" style=\"color: #fff;\" align=\"right\">\n<span>Pozv\u011bte n\u00e1s do tendru<\/span>\n<\/div>\n<div class=\"sidebar-line\">\n<span><\/span>\n<\/div>\n<div style=\"color: #eee;\">\n<p style=\"text-align: justify;\">\nHled\u00e1te profesion\u00e1ln\u00ed slu\u017eby a \u0159e\u0161en\u00ed v oblasti SW\/HW pro V\u00e1\u0161 projekt? <a href=\"mailto:info@rcesystems.cz\" style=\"color: #eee;\"> Ozv\u011bte se n\u00e1m!<\/a>\n<\/p>\n<\/div>\n<\/div>\n<div class=\"column column-1-4 column-last\">\n<div class=\"widget-title\" style=\"color: #fff;\" align=\"right\">\n<span>Nav\u0161tivte n\u00e1s<\/span>\n<\/div>\n<div class=\"sidebar-line\">\n<span><\/span>\n<\/div>\n<div style=\"color: #eee;\">\n<p style=\"text-align: right;\">\nRCE systems s.r.o.<br \/>\nSvatopluka \u010cecha 1d<br \/>\nBrno, 612 00, Czech Republic\n<\/p>\n<\/div>\n<\/div><div class=\"clear\"><\/div>\n<\/div><\/div>\n<\/p>","protected":false},"excerpt":{"rendered":"","protected":false},"author":1,"featured_media":0,"parent":0,"menu_order":0,"comment_status":"open","ping_status":"open","template":"","meta":[],"_links":{"self":[{"href":"https:\/\/www.rcesystems.cz\/cs\/wp-json\/wp\/v2\/pages\/5"}],"collection":[{"href":"https:\/\/www.rcesystems.cz\/cs\/wp-json\/wp\/v2\/pages"}],"about":[{"href":"https:\/\/www.rcesystems.cz\/cs\/wp-json\/wp\/v2\/types\/page"}],"author":[{"embeddable":true,"href":"https:\/\/www.rcesystems.cz\/cs\/wp-json\/wp\/v2\/users\/1"}],"replies":[{"embeddable":true,"href":"https:\/\/www.rcesystems.cz\/cs\/wp-json\/wp\/v2\/comments?post=5"}],"version-history":[{"count":159,"href":"https:\/\/www.rcesystems.cz\/cs\/wp-json\/wp\/v2\/pages\/5\/revisions"}],"predecessor-version":[{"id":344,"href":"https:\/\/www.rcesystems.cz\/cs\/wp-json\/wp\/v2\/pages\/5\/revisions\/344"}],"wp:attachment":[{"href":"https:\/\/www.rcesystems.cz\/cs\/wp-json\/wp\/v2\/media?parent=5"}],"curies":[{"name":"wp","href":"https:\/\/api.w.org\/{rel}","templated":true}]}}