{"id":33,"date":"2013-09-05T14:02:14","date_gmt":"2013-09-05T14:02:14","guid":{"rendered":"http:\/\/localhost\/wordpress\/?page_id=33"},"modified":"2013-09-19T18:15:02","modified_gmt":"2013-09-19T16:15:02","slug":"sitemap","status":"publish","type":"page","link":"https:\/\/www.rcesystems.cz\/cs\/sitemap\/","title":{"rendered":"Mapa str\u00e1nek"},"content":{"rendered":"<p><b>R\u00e1di bychom V\u00e1m zjednodu\u0161ili orientaci na str\u00e1nk\u00e1ch.<\/b> Zde m\u016f\u017eete nal\u00e9zt speci\u00e1ln\u00ed mapu str\u00e1nek. Douf\u00e1me, \u017ee se V\u00e1m poda\u0159\u00ed naj\u00edt v\u0161e, co hled\u00e1te.<br \/>\n<div class=\"spacer\" style=\"height:10px\"><\/div>\n<ul id=\"sitemap_menu\" class=\"menu\"><li class=\"menu-item menu-item-type-post_type menu-item-object-page menu-item-home menu-item-11\"><a href=\"https:\/\/www.rcesystems.cz\/cs\/\">\u00davod<\/a><\/li>\n<li class=\"menu-item menu-item-type-post_type menu-item-object-page current_page_parent menu-item-10\"><a href=\"https:\/\/www.rcesystems.cz\/cs\/projects\/\">Projekty<\/a><\/li>\n<li class=\"menu-item menu-item-type-post_type menu-item-object-page menu-item-408\"><a href=\"https:\/\/www.rcesystems.cz\/cs\/about-us\/\">O firm\u011b<\/a><\/li>\n<li class=\"menu-item menu-item-type-post_type menu-item-object-page menu-item-835\"><a href=\"https:\/\/www.rcesystems.cz\/cs\/careers\/\">Kari\u00e9ra<\/a><\/li>\n<li class=\"menu-item menu-item-type-post_type menu-item-object-page menu-item-72\"><a href=\"https:\/\/www.rcesystems.cz\/cs\/contact-us\/\">Kontakt<\/a><\/li>\n<\/ul><\/p>","protected":false},"excerpt":{"rendered":"<p>R\u00e1di bychom V\u00e1m zjednodu\u0161ili orientaci na str\u00e1nk\u00e1ch. Zde m\u016f\u017eete nal\u00e9zt speci\u00e1ln\u00ed mapu str\u00e1nek. Douf\u00e1me, \u017ee se V\u00e1m poda\u0159\u00ed naj\u00edt v\u0161e, co hled\u00e1te.<\/p>\n","protected":false},"author":1,"featured_media":0,"parent":0,"menu_order":0,"comment_status":"open","ping_status":"open","template":"page-right-sidebar.php","meta":[],"_links":{"self":[{"href":"https:\/\/www.rcesystems.cz\/cs\/wp-json\/wp\/v2\/pages\/33"}],"collection":[{"href":"https:\/\/www.rcesystems.cz\/cs\/wp-json\/wp\/v2\/pages"}],"about":[{"href":"https:\/\/www.rcesystems.cz\/cs\/wp-json\/wp\/v2\/types\/page"}],"author":[{"embeddable":true,"href":"https:\/\/www.rcesystems.cz\/cs\/wp-json\/wp\/v2\/users\/1"}],"replies":[{"embeddable":true,"href":"https:\/\/www.rcesystems.cz\/cs\/wp-json\/wp\/v2\/comments?post=33"}],"version-history":[{"count":12,"href":"https:\/\/www.rcesystems.cz\/cs\/wp-json\/wp\/v2\/pages\/33\/revisions"}],"predecessor-version":[{"id":568,"href":"https:\/\/www.rcesystems.cz\/cs\/wp-json\/wp\/v2\/pages\/33\/revisions\/568"}],"wp:attachment":[{"href":"https:\/\/www.rcesystems.cz\/cs\/wp-json\/wp\/v2\/media?parent=33"}],"curies":[{"name":"wp","href":"https:\/\/api.w.org\/{rel}","templated":true}]}}