{"id":24,"date":"2013-09-05T14:02:06","date_gmt":"2013-09-05T14:02:06","guid":{"rendered":"http:\/\/localhost\/wordpress\/?page_id=24"},"modified":"2025-12-03T15:54:27","modified_gmt":"2025-12-03T14:54:27","slug":"contact-us","status":"publish","type":"page","link":"https:\/\/www.rcesystems.cz\/cs\/contact-us\/","title":{"rendered":"Kontakt"},"content":{"rendered":"<div class=\"column column-1-2\">\n<div class=\"heading-wrapper\"><h6><span class=\"heading-line-left\"><\/span><strong> Napi\u0161te n\u00e1m <\/strong><span class=\"heading-line-right\"><\/span><\/h6><\/div>\n<div role=\"form\" class=\"wpcf7\" id=\"wpcf7-f521-o2\" lang=\"en-US\" dir=\"ltr\">\n<div class=\"screen-reader-response\"><\/div>\n<form action=\"\/cs\/wp-json\/wp\/v2\/pages\/24#wpcf7-f521-o2\" method=\"post\" class=\"wpcf7-form\" novalidate=\"novalidate\">\n<div style=\"display: none;\">\n<input type=\"hidden\" name=\"_wpcf7\" value=\"521\" \/>\n<input type=\"hidden\" name=\"_wpcf7_version\" value=\"4.4.2\" \/>\n<input type=\"hidden\" name=\"_wpcf7_locale\" value=\"en_US\" \/>\n<input type=\"hidden\" name=\"_wpcf7_unit_tag\" value=\"wpcf7-f521-o2\" \/>\n<input type=\"hidden\" name=\"_wpnonce\" value=\"6ed2a7bdc0\" \/>\n<\/div>\n<p>Va\u0161e cel\u00e9 jm\u00e9no (povinn\u00e9)<br \/>\n    <span class=\"wpcf7-form-control-wrap your-full-name\"><input type=\"text\" name=\"your-full-name\" value=\"\" size=\"40\" class=\"wpcf7-form-control wpcf7-text wpcf7-validates-as-required\" aria-required=\"true\" aria-invalid=\"false\" \/><\/span> <\/p>\n<p>Spole\u010dnost<br \/>\n    <span class=\"wpcf7-form-control-wrap your-company\"><input type=\"text\" name=\"your-company\" value=\"\" size=\"40\" class=\"wpcf7-form-control wpcf7-text\" aria-invalid=\"false\" \/><\/span> <\/p>\n<p>V\u00e1\u0161 email (povinn\u00e9)<br \/>\n    <span class=\"wpcf7-form-control-wrap your-email\"><input type=\"email\" name=\"your-email\" value=\"\" size=\"40\" class=\"wpcf7-form-control wpcf7-text wpcf7-email wpcf7-validates-as-required wpcf7-validates-as-email\" aria-required=\"true\" aria-invalid=\"false\" \/><\/span> <\/p>\n<p>P\u0159edm\u011bt<br \/>\n    <span class=\"wpcf7-form-control-wrap your-subject\"><input type=\"text\" name=\"your-subject\" value=\"\" size=\"40\" class=\"wpcf7-form-control wpcf7-text\" aria-invalid=\"false\" \/><\/span> <\/p>\n<p>Zpr\u00e1va<br \/>\n    <span class=\"wpcf7-form-control-wrap your-message\"><textarea name=\"your-message\" cols=\"40\" rows=\"10\" class=\"wpcf7-form-control wpcf7-textarea\" aria-invalid=\"false\"><\/textarea><\/span> <\/p>\n<p>Ochrana proti spamu (pros\u00edm, opi\u0161te obr\u00e1zek do textov\u00e9ho pole)<\/p>\n<p style=\"float:left;margin-right:20px;margin-top:4px;\"><input type=\"hidden\" name=\"_wpcf7_captcha_challenge_captcha-653\" value=\"74868938\" \/><img class=\"wpcf7-form-control wpcf7-captchac wpcf7-captcha-captcha-653\" width=\"72\" height=\"24\" alt=\"captcha\" src=\"https:\/\/www.rcesystems.cz\/wp-content\/uploads\/wpcf7_captcha\/74868938.png\" \/><\/p>\n<p><span class=\"wpcf7-form-control-wrap captcha-653\"><input type=\"text\" name=\"captcha-653\" value=\"\" size=\"40\" class=\"wpcf7-form-control wpcf7-captchar\" aria-invalid=\"false\" \/><\/span><\/p>\n<\/p>\n<p style=\"clear:both;\"><input type=\"submit\" value=\"Odeslat\" class=\"wpcf7-form-control wpcf7-submit\" \/><\/p>\n<div class=\"wpcf7-response-output wpcf7-display-none\"><\/div><\/form><\/div>\n<\/div>\n<div class=\"column column-1-2 column-last\">\n<div class=\"heading-wrapper\"><h6><span class=\"heading-line-left\"><\/span><strong> Kontaktn\u00ed informace <\/strong><span class=\"heading-line-right\"><\/span><\/h6><\/div>\n<div class=\"spacer\" style=\"height:5px\"><\/div>\n<div class=\"su-tabs su-tabs-style-2\"><div class=\"su-tabs-nav\"><span><i class=\"moon-location su-tab-icon\"><\/i>Faktura\u010dn\u00ed adresa<\/span><span><i class=\"moon-location su-tab-icon\"><\/i>Adresa provozovny na \u0160umavsk\u00e9<\/span><span><i class=\"moon-location su-tab-icon\"><\/i>Adresa provozovny na Palack\u00e9ho t\u0159\u00edd\u011b<\/span><span><i class=\"moon-share-2 su-tab-icon\"><\/i> Soci\u00e1ln\u00ed s\u00edt\u011b <\/span><div class=\"su-tabs-nav-shadow\"><\/div><\/div><div class=\"su-tabs-panes\"><div class=\"pane-wrapper\"><div class=\"pane-title\"><i class=\"moon-location su-tab-icon\"><\/i>Faktura\u010dn\u00ed adresa<\/div><div class=\"su-tabs-pane\">\nRCE systems s.r.o.<br \/>\nSvatopluka \u010cecha 1d<br \/>\nBrno, 612 00<br \/>\n\u010cesk\u00e1 republika<br \/>\n<strong>I\u010cO: <\/strong>02183234<br \/>\n<strong>DI\u010c: <\/strong>CZ02183234<br \/>\n<strong>Z\u00e1pis v OR: <\/strong>KS v Brn\u011b, odd\u00edl C, vlo\u017eka 80533<br \/>\n<strong>Email: <\/strong><a href=\"mailto:info@rcesystems.cz\">info@rcesystems.cz<\/a><br \/>\n<strong>Web: <\/strong><a href=\"http:\/\/www.rcesystems.cz\">www.rcesystems.cz<\/a><br \/>\n<\/div><\/div>\n<div class=\"pane-wrapper\"><div class=\"pane-title\"><i class=\"moon-location su-tab-icon\"><\/i>Adresa provozovny na \u0160umavsk\u00e9<\/div><div class=\"su-tabs-pane\">\nRCE systems s.r.o.<br \/>\n\u0160umavsk\u00e1 31<br \/>\nBrno, 602 00<br \/>\n\u010cesk\u00e1 republika<br \/>\n<strong>Tel: <\/strong>(+420) 775 345 465<br \/>\n<\/div><\/div>\n<div class=\"pane-wrapper\"><div class=\"pane-title\"><i class=\"moon-location su-tab-icon\"><\/i>Adresa provozovny na Palack\u00e9ho t\u0159\u00edd\u011b<\/div><div class=\"su-tabs-pane\">\nRCE systems s.r.o.<br \/>\nPalack\u00e9ho t\u0159\u00edda 55<br \/>\nBrno, 612 00<br \/>\n\u010cesk\u00e1 republika<br \/>\n<strong>Tel: <\/strong>(+420) 604 351 549<br \/>\n<\/div><\/div>\n<div class=\"pane-wrapper\"><div class=\"pane-title\"><i class=\"moon-share-2 su-tab-icon\"><\/i> Soci\u00e1ln\u00ed s\u00edt\u011b <\/div><div class=\"su-tabs-pane\">\n<strong>Facebook: <\/strong> <a href=\"https:\/\/www.facebook.com\/RCEsystems\">RCE systems na Facebooku! <\/a><br \/>\n<strong>YouTube: <\/strong> <a href=\"http:\/\/www.youtube.com\/channel\/UChxhLyM0vOTjsU-b4mZALWA\">Kan\u00e1l RCE systems<\/a><br \/>\n<strong>Vimeo: <\/strong> <a href=\"https:\/\/vimeo.com\/user20831291\">Kan\u00e1l RCE systems<\/a><br \/>\n<\/div><\/div><\/div><div class=\"clear\"><\/div><\/div>\n<div class=\"spacer\" style=\"height:20px\"><\/div>\n<div class=\"heading-wrapper\"><h6><span class=\"heading-line-left\"><\/span><strong> P\u0159ij\u010fte n\u00e1s nav\u0161t\u00edvit <\/strong><span class=\"heading-line-right\"><\/span><\/h6><\/div>\n<iframe style=\"margin-bottom:-5px;\" width=\"450\" height=\"240\" src=\"http:\/\/maps.google.com\/maps?q=%C5%A0umavsk%C3%A1+31%2C+Brno%2C+Czech+republic&amp;iwloc=near&amp;output=embed\" class=\"su-gmap\"><\/iframe>\n<div class=\"spacer\" style=\"height:5px\"><\/div>\n<iframe style=\"margin-bottom:-5px;\" width=\"450\" height=\"240\" src=\"http:\/\/maps.google.com\/maps?q=Palack%C3%A9ho+t%C5%99%C3%ADda+55%2C+Brno%2C+Czech+republic&amp;iwloc=near&amp;output=embed\" class=\"su-gmap\"><\/iframe>\n<\/div><div class=\"clear\"><\/div>","protected":false},"excerpt":{"rendered":"","protected":false},"author":1,"featured_media":0,"parent":0,"menu_order":0,"comment_status":"open","ping_status":"open","template":"","meta":[],"_links":{"self":[{"href":"https:\/\/www.rcesystems.cz\/cs\/wp-json\/wp\/v2\/pages\/24"}],"collection":[{"href":"https:\/\/www.rcesystems.cz\/cs\/wp-json\/wp\/v2\/pages"}],"about":[{"href":"https:\/\/www.rcesystems.cz\/cs\/wp-json\/wp\/v2\/types\/page"}],"author":[{"embeddable":true,"href":"https:\/\/www.rcesystems.cz\/cs\/wp-json\/wp\/v2\/users\/1"}],"replies":[{"embeddable":true,"href":"https:\/\/www.rcesystems.cz\/cs\/wp-json\/wp\/v2\/comments?post=24"}],"version-history":[{"count":35,"href":"https:\/\/www.rcesystems.cz\/cs\/wp-json\/wp\/v2\/pages\/24\/revisions"}],"predecessor-version":[{"id":1077,"href":"https:\/\/www.rcesystems.cz\/cs\/wp-json\/wp\/v2\/pages\/24\/revisions\/1077"}],"wp:attachment":[{"href":"https:\/\/www.rcesystems.cz\/cs\/wp-json\/wp\/v2\/media?parent=24"}],"curies":[{"name":"wp","href":"https:\/\/api.w.org\/{rel}","templated":true}]}}